{"id":726,"date":"2020-11-08T18:30:52","date_gmt":"2020-11-08T17:30:52","guid":{"rendered":"http:\/\/toulouse-thyroide.fr\/?page_id=726"},"modified":"2020-11-09T08:50:25","modified_gmt":"2020-11-09T07:50:25","slug":"cytologie-dr-collin","status":"publish","type":"page","link":"https:\/\/toulouse-thyroide.fr\/?page_id=726","title":{"rendered":"Cytologie Dr Collin"},"content":{"rendered":"\t\t<div data-elementor-type=\"wp-post\" data-elementor-id=\"726\" class=\"elementor elementor-726\" data-elementor-settings=\"[]\">\n\t\t\t\t\t\t<div class=\"elementor-inner\">\n\t\t\t\t\t\t\t<div class=\"elementor-section-wrap\">\n\t\t\t\t\t\t\t<section class=\"elementor-section elementor-top-section elementor-element elementor-element-2827d2c elementor-section-boxed elementor-section-height-default elementor-section-height-default\" data-id=\"2827d2c\" data-element_type=\"section\">\n\t\t\t\t\t\t<div class=\"elementor-container elementor-column-gap-default\">\n\t\t\t\t\t\t\t<div class=\"elementor-row\">\n\t\t\t\t\t<div class=\"elementor-column elementor-col-100 elementor-top-column elementor-element elementor-element-546bd5b\" data-id=\"546bd5b\" data-element_type=\"column\">\n\t\t\t<div class=\"elementor-column-wrap elementor-element-populated\">\n\t\t\t\t\t\t\t<div class=\"elementor-widget-wrap\">\n\t\t\t\t\t\t<div class=\"elementor-element elementor-element-95e6cfd elementor-widget elementor-widget-text-editor\" data-id=\"95e6cfd\" data-element_type=\"widget\" data-widget_type=\"text-editor.default\">\n\t\t\t\t<div class=\"elementor-widget-container\">\n\t\t\t\t\t<div class=\"elementor-text-editor elementor-clearfix\"><p>La cytoponction thyro\u00efdienne \u00e9cho-guid\u00e9e demeure \u00e0 l\u2019heure actuelle la <b>meilleure m\u00e9thode de d\u00e9pistage du cancer de la thyro\u00efde<\/b> avec une grande sensibilit\u00e9. Ces dix derni\u00e8res ann\u00e9es, les progr\u00e8s techniques et l\u2019utilisation d\u2019une terminologie consensuelle ont permis de conserver et d\u2019optimiser ses performances diagnostiques.<\/p><\/div>\n\t\t\t\t<\/div>\n\t\t\t\t<\/div>\n\t\t\t\t\t\t<\/div>\n\t\t\t\t\t<\/div>\n\t\t<\/div>\n\t\t\t\t\t\t\t\t<\/div>\n\t\t\t\t\t<\/div>\n\t\t<\/section>\n\t\t\t\t<section class=\"elementor-section elementor-top-section elementor-element elementor-element-46f4f09 elementor-section-boxed elementor-section-height-default elementor-section-height-default\" data-id=\"46f4f09\" data-element_type=\"section\">\n\t\t\t\t\t\t<div class=\"elementor-container elementor-column-gap-default\">\n\t\t\t\t\t\t\t<div class=\"elementor-row\">\n\t\t\t\t\t<div class=\"elementor-column elementor-col-100 elementor-top-column elementor-element elementor-element-4b2c252\" data-id=\"4b2c252\" data-element_type=\"column\">\n\t\t\t<div class=\"elementor-column-wrap elementor-element-populated\">\n\t\t\t\t\t\t\t<div class=\"elementor-widget-wrap\">\n\t\t\t\t\t\t<div class=\"elementor-element elementor-element-3f02446 elementor-widget elementor-widget-text-editor\" data-id=\"3f02446\" data-element_type=\"widget\" data-widget_type=\"text-editor.default\">\n\t\t\t\t<div class=\"elementor-widget-container\">\n\t\t\t\t\t<div class=\"elementor-text-editor elementor-clearfix\"><p>L\u2019utilisation de la technique de <b>cytologie en milieu liquide<\/b> permet une analyse morphologique aussi performante que la cytologie conventionnelle avec des avantages sup\u00e9rieurs :&nbsp;<\/p><\/div>\n\t\t\t\t<\/div>\n\t\t\t\t<\/div>\n\t\t\t\t\t\t<\/div>\n\t\t\t\t\t<\/div>\n\t\t<\/div>\n\t\t\t\t\t\t\t\t<\/div>\n\t\t\t\t\t<\/div>\n\t\t<\/section>\n\t\t\t\t<section class=\"elementor-section elementor-top-section elementor-element elementor-element-e32603d elementor-section-boxed elementor-section-height-default elementor-section-height-default\" data-id=\"e32603d\" data-element_type=\"section\">\n\t\t\t\t\t\t<div class=\"elementor-container elementor-column-gap-default\">\n\t\t\t\t\t\t\t<div class=\"elementor-row\">\n\t\t\t\t\t<div class=\"elementor-column elementor-col-50 elementor-top-column elementor-element elementor-element-c156f74\" data-id=\"c156f74\" data-element_type=\"column\">\n\t\t\t<div class=\"elementor-column-wrap elementor-element-populated\">\n\t\t\t\t\t\t\t<div class=\"elementor-widget-wrap\">\n\t\t\t\t\t\t<div class=\"elementor-element elementor-element-4e61c62 elementor-widget elementor-widget-text-editor\" data-id=\"4e61c62\" data-element_type=\"widget\" data-widget_type=\"text-editor.default\">\n\t\t\t\t<div class=\"elementor-widget-container\">\n\t\t\t\t\t<div class=\"elementor-text-editor elementor-clearfix\"><p>&#8211; Substance h\u00e9molytique \u00e9liminant le caract\u00e8re h\u00e9morragique des ponctions, cause fr\u00e9quente du caract\u00e8re non diagnostique<\/p><p>&#8211; Rin\u00e7age de l\u2019aiguille permettant de recueillir la quasi-totalit\u00e9 du mat\u00e9riel ponctionn\u00e9<\/p><p>&#8211; Utilisation possible de mat\u00e9riel apr\u00e8s \u00e9tude morphologique pour techniques ancillaires<\/p><\/div>\n\t\t\t\t<\/div>\n\t\t\t\t<\/div>\n\t\t\t\t\t\t<\/div>\n\t\t\t\t\t<\/div>\n\t\t<\/div>\n\t\t\t\t<div class=\"elementor-column elementor-col-50 elementor-top-column elementor-element elementor-element-6f568e2\" data-id=\"6f568e2\" data-element_type=\"column\">\n\t\t\t<div class=\"elementor-column-wrap elementor-element-populated\">\n\t\t\t\t\t\t\t<div class=\"elementor-widget-wrap\">\n\t\t\t\t\t\t<div class=\"elementor-element elementor-element-23db520 elementor-widget elementor-widget-image\" data-id=\"23db520\" data-element_type=\"widget\" data-widget_type=\"image.default\">\n\t\t\t\t<div class=\"elementor-widget-container\">\n\t\t\t\t\t<div class=\"elementor-image\">\n\t\t\t\t\t\t\t\t\t\t<img loading=\"lazy\" width=\"750\" height=\"563\" src=\"https:\/\/toulouse-thyroide.fr\/wp-content\/uploads\/2020\/11\/Mat\u00e9riel-Cyto-1024x768.jpg\" class=\"attachment-large size-large\" alt=\"\" decoding=\"async\" srcset=\"https:\/\/toulouse-thyroide.fr\/wp-content\/uploads\/2020\/11\/Mat\u00e9riel-Cyto-1024x768.jpg 1024w, https:\/\/toulouse-thyroide.fr\/wp-content\/uploads\/2020\/11\/Mat\u00e9riel-Cyto-300x225.jpg 300w, https:\/\/toulouse-thyroide.fr\/wp-content\/uploads\/2020\/11\/Mat\u00e9riel-Cyto-768x576.jpg 768w, https:\/\/toulouse-thyroide.fr\/wp-content\/uploads\/2020\/11\/Mat\u00e9riel-Cyto.jpg 1225w\" sizes=\"(max-width: 750px) 100vw, 750px\" \/>\t\t\t\t\t\t\t\t\t\t\t<\/div>\n\t\t\t\t<\/div>\n\t\t\t\t<\/div>\n\t\t\t\t\t\t<\/div>\n\t\t\t\t\t<\/div>\n\t\t<\/div>\n\t\t\t\t\t\t\t\t<\/div>\n\t\t\t\t\t<\/div>\n\t\t<\/section>\n\t\t\t\t<section class=\"elementor-section elementor-top-section elementor-element elementor-element-06a27bb elementor-section-boxed elementor-section-height-default elementor-section-height-default\" data-id=\"06a27bb\" data-element_type=\"section\">\n\t\t\t\t\t\t<div class=\"elementor-container elementor-column-gap-default\">\n\t\t\t\t\t\t\t<div class=\"elementor-row\">\n\t\t\t\t\t<div class=\"elementor-column elementor-col-100 elementor-top-column elementor-element elementor-element-7b5f9d3\" data-id=\"7b5f9d3\" data-element_type=\"column\">\n\t\t\t<div class=\"elementor-column-wrap elementor-element-populated\">\n\t\t\t\t\t\t\t<div class=\"elementor-widget-wrap\">\n\t\t\t\t\t\t<div class=\"elementor-element elementor-element-5420345 elementor-widget elementor-widget-text-editor\" data-id=\"5420345\" data-element_type=\"widget\" data-widget_type=\"text-editor.default\">\n\t\t\t\t<div class=\"elementor-widget-container\">\n\t\t\t\t\t<div class=\"elementor-text-editor elementor-clearfix\"><p>L\u2019int\u00e9r\u00eat de la cytoponction du nodule thyro\u00efdien comme outil efficace de diagnostic et de tri des nodules \u00e0 op\u00e9rer a \u00e9t\u00e9 valid\u00e9 lors de la<b> conf\u00e9rence de consensus international de BETHESDA <\/b>en 2009 puis r\u00e9vision en 2017, int\u00e9grant les nouvelles cat\u00e9gories de tumeurs folliculaires NIFT-P et l\u2019apport des techniques ancillaires pour certaines cat\u00e9gories.<\/p><p>Une classification des l\u00e9sions en six cat\u00e9gories bien d\u00e9finies pr\u00e9cisant le risque de malignit\u00e9 et conduisant \u00e0 une prise en charge sp\u00e9cifique du patient pour chacune d\u2019entre elle a \u00e9t\u00e9 propos\u00e9e.\u00a0<\/p><\/div>\n\t\t\t\t<\/div>\n\t\t\t\t<\/div>\n\t\t\t\t\t\t<\/div>\n\t\t\t\t\t<\/div>\n\t\t<\/div>\n\t\t\t\t\t\t\t\t<\/div>\n\t\t\t\t\t<\/div>\n\t\t<\/section>\n\t\t\t\t<section class=\"elementor-section elementor-top-section elementor-element elementor-element-ad8fc82 elementor-section-boxed elementor-section-height-default elementor-section-height-default\" data-id=\"ad8fc82\" data-element_type=\"section\">\n\t\t\t\t\t\t<div class=\"elementor-container elementor-column-gap-default\">\n\t\t\t\t\t\t\t<div class=\"elementor-row\">\n\t\t\t\t\t<div class=\"elementor-column elementor-col-100 elementor-top-column elementor-element elementor-element-954ddea\" data-id=\"954ddea\" data-element_type=\"column\">\n\t\t\t<div class=\"elementor-column-wrap elementor-element-populated\">\n\t\t\t\t\t\t\t<div class=\"elementor-widget-wrap\">\n\t\t\t\t\t\t<div class=\"elementor-element elementor-element-ef0dd3a elementor-widget elementor-widget-image\" data-id=\"ef0dd3a\" data-element_type=\"widget\" data-widget_type=\"image.default\">\n\t\t\t\t<div class=\"elementor-widget-container\">\n\t\t\t\t\t<div class=\"elementor-image\">\n\t\t\t\t\t\t\t\t\t\t<img loading=\"lazy\" width=\"750\" height=\"570\" src=\"https:\/\/toulouse-thyroide.fr\/wp-content\/uploads\/2020\/04\/BETHESDA-2017.png\" class=\"attachment-large size-large\" alt=\"\" decoding=\"async\" srcset=\"https:\/\/toulouse-thyroide.fr\/wp-content\/uploads\/2020\/04\/BETHESDA-2017.png 965w, https:\/\/toulouse-thyroide.fr\/wp-content\/uploads\/2020\/04\/BETHESDA-2017-300x228.png 300w, https:\/\/toulouse-thyroide.fr\/wp-content\/uploads\/2020\/04\/BETHESDA-2017-768x583.png 768w\" sizes=\"(max-width: 750px) 100vw, 750px\" \/>\t\t\t\t\t\t\t\t\t\t\t<\/div>\n\t\t\t\t<\/div>\n\t\t\t\t<\/div>\n\t\t\t\t\t\t<\/div>\n\t\t\t\t\t<\/div>\n\t\t<\/div>\n\t\t\t\t\t\t\t\t<\/div>\n\t\t\t\t\t<\/div>\n\t\t<\/section>\n\t\t\t\t<section class=\"elementor-section elementor-top-section elementor-element elementor-element-b56715b elementor-section-boxed elementor-section-height-default elementor-section-height-default\" data-id=\"b56715b\" data-element_type=\"section\">\n\t\t\t\t\t\t<div class=\"elementor-container elementor-column-gap-default\">\n\t\t\t\t\t\t\t<div class=\"elementor-row\">\n\t\t\t\t\t<div class=\"elementor-column elementor-col-100 elementor-top-column elementor-element elementor-element-d68c38b\" data-id=\"d68c38b\" data-element_type=\"column\">\n\t\t\t<div class=\"elementor-column-wrap elementor-element-populated\">\n\t\t\t\t\t\t\t<div class=\"elementor-widget-wrap\">\n\t\t\t\t\t\t<div class=\"elementor-element elementor-element-129496e elementor-widget elementor-widget-text-editor\" data-id=\"129496e\" data-element_type=\"widget\" data-widget_type=\"text-editor.default\">\n\t\t\t\t<div class=\"elementor-widget-container\">\n\t\t\t\t\t<div class=\"elementor-text-editor elementor-clearfix\"><p>Le cancer de la thyro\u00efde est rare (5% des nodules thyro\u00efdiens ponctionn\u00e9s).<\/p><p>Le type papillaire est de loin le plus fr\u00e9quent et est associ\u00e9 \u00e0 un bon pronostic.<\/p><p>A l\u2019inverse, la grande majorit\u00e9 de ces nodules sont class\u00e9s dans la cat\u00e9gorie <b>\u00ab\u00a0b\u00e9nigne\u00a0\u00bb (B) <\/b>ce qui conduit le plus souvent \u00e0 la surveillance du patient.<\/p><p>Compte-tenu des performances diagnostiques de la cytoponction, les l\u00e9sions class\u00e9es dans la cat\u00e9gorie <b>\u00ab\u00a0maligne\u00a0\u00bb (M)<\/b> conduisent \u00e0 leur ex\u00e9r\u00e8se chirurgicale avec une concordance diagnostique tr\u00e8s \u00e9lev\u00e9e. \u00a0<\/p><p>Le taux de ponction <b>\u00ab\u00a0non diagnostique\u00a0\u00bb (ND) <\/b>est variable et est en moyenne de 10%, li\u00e9 principalement au caract\u00e8re difficilement accessible, vascularis\u00e9 ou spongieux du nodule.<\/p><p>L\u2019expertise et l\u2019anciennet\u00e9 de pratique du geste de ponction am\u00e9liore la qualit\u00e9 du mat\u00e9riel obtenu pour l\u2019analyse cytologique.<\/p><p>Une premi\u00e8re cytoponction non diagnostique n\u00e9cessite un contr\u00f4le dans les 3 mois si l\u2019op\u00e9rateur juge que celui-ci est techniquement r\u00e9alisable.<\/p><\/div>\n\t\t\t\t<\/div>\n\t\t\t\t<\/div>\n\t\t\t\t\t\t<\/div>\n\t\t\t\t\t<\/div>\n\t\t<\/div>\n\t\t\t\t\t\t\t\t<\/div>\n\t\t\t\t\t<\/div>\n\t\t<\/section>\n\t\t\t\t<section class=\"elementor-section elementor-top-section elementor-element elementor-element-e09e7e8 elementor-section-boxed elementor-section-height-default elementor-section-height-default\" data-id=\"e09e7e8\" data-element_type=\"section\">\n\t\t\t\t\t\t<div class=\"elementor-container elementor-column-gap-default\">\n\t\t\t\t\t\t\t<div class=\"elementor-row\">\n\t\t\t\t\t<div class=\"elementor-column elementor-col-100 elementor-top-column elementor-element elementor-element-14c3f27\" data-id=\"14c3f27\" data-element_type=\"column\">\n\t\t\t<div class=\"elementor-column-wrap elementor-element-populated\">\n\t\t\t\t\t\t\t<div class=\"elementor-widget-wrap\">\n\t\t\t\t\t\t<div class=\"elementor-element elementor-element-6cc0cd3 elementor-widget elementor-widget-text-editor\" data-id=\"6cc0cd3\" data-element_type=\"widget\" data-widget_type=\"text-editor.default\">\n\t\t\t\t<div class=\"elementor-widget-container\">\n\t\t\t\t\t<div class=\"elementor-text-editor elementor-clearfix\"><p>Malgr\u00e9 ces performances, environ 30% des cytoponctions de nodules sont class\u00e9es dans des<b> cat\u00e9gories l\u00e9sionnelles dites \u00ab\u00a0ind\u00e9termin\u00e9e\u00a0\u00bb<\/b> correspondant aux cat\u00e9gories \u00ab\u00a0atypies de signification ind\u00e9termin\u00e9e\u00a0\u00bb, \u00ab\u00a0tumeur v\u00e9siculaire\u00a0\u00bb, et \u00ab\u00a0suspecte de malignit\u00e9\u00a0\u00bb.<\/p><p>\u00a0<\/p><p>La cat\u00e9gorie <b>\u00ab\u00a0atypie de signification ind\u00e9termin\u00e9e\u00a0\u00bb (ASI)<\/b> correspond \u00e0 des crit\u00e8res diagnostiques pr\u00e9cis et en raison d\u2019un risque de malignit\u00e9 demeurant faible, un nouveau contr\u00f4le cytologique dans les 3 mois est recommand\u00e9. Cette nouvelle ponction permet de reclasser le nodule dans une cat\u00e9gorie l\u00e9sionnelle dans plus de 50% des cas, le plus souvent b\u00e9nigne.<\/p><p>La persistance d\u2019atypies sur un deuxi\u00e8me pr\u00e9l\u00e8vement de bonne qualit\u00e9 conduit \u00e0 la discussion en fonction des donn\u00e9es cliniques et \u00e9chographiques de chirurgie ou analyse compl\u00e9mentaire en biologie mol\u00e9culaire.<\/p><p>\u00a0<\/p><p>Concernant les<b> \u00ab\u00a0tumeur v\u00e9siculaire\/oncocytaire\u00a0\u00bb (TF)<\/b>\u00a0la recommandation en premi\u00e8re ligne est la chirurgie avec expertise anatomopathologique compl\u00e8te de la l\u00e9sion et de sa capsule \u00e0 la recherche de signes d\u2019invasion capsulaire d\u00e9finissant alors le caract\u00e8re malin (10 \u00e0 40% des cas).<\/p><p>Dans la cat\u00e9gorie <b>\u00ab\u00a0suspecte de malignit\u00e9\u00a0\u00bb (SM)<\/b>, il reste encore 40 \u00e0 55% de nodules au final b\u00e9nin apr\u00e8s expertise anatomopathologique.<\/p><\/div>\n\t\t\t\t<\/div>\n\t\t\t\t<\/div>\n\t\t\t\t\t\t<\/div>\n\t\t\t\t\t<\/div>\n\t\t<\/div>\n\t\t\t\t\t\t\t\t<\/div>\n\t\t\t\t\t<\/div>\n\t\t<\/section>\n\t\t\t\t<section class=\"elementor-section elementor-top-section elementor-element elementor-element-ba61731 elementor-section-boxed elementor-section-height-default elementor-section-height-default\" data-id=\"ba61731\" data-element_type=\"section\">\n\t\t\t\t\t\t<div class=\"elementor-container elementor-column-gap-default\">\n\t\t\t\t\t\t\t<div class=\"elementor-row\">\n\t\t\t\t\t<div class=\"elementor-column elementor-col-100 elementor-top-column elementor-element elementor-element-990ae7f\" data-id=\"990ae7f\" data-element_type=\"column\">\n\t\t\t<div class=\"elementor-column-wrap elementor-element-populated\">\n\t\t\t\t\t\t\t<div class=\"elementor-widget-wrap\">\n\t\t\t\t\t\t<div class=\"elementor-element elementor-element-ecee8f9 elementor-arrows-position-inside elementor-pagination-position-outside elementor-widget elementor-widget-image-carousel\" data-id=\"ecee8f9\" data-element_type=\"widget\" data-settings=\"{&quot;navigation&quot;:&quot;both&quot;,&quot;autoplay&quot;:&quot;yes&quot;,&quot;pause_on_hover&quot;:&quot;yes&quot;,&quot;pause_on_interaction&quot;:&quot;yes&quot;,&quot;autoplay_speed&quot;:5000,&quot;infinite&quot;:&quot;yes&quot;,&quot;speed&quot;:500,&quot;image_spacing_custom&quot;:{&quot;unit&quot;:&quot;px&quot;,&quot;size&quot;:20,&quot;sizes&quot;:[]}}\" data-widget_type=\"image-carousel.default\">\n\t\t\t\t<div class=\"elementor-widget-container\">\n\t\t\t\t\t<div class=\"elementor-image-carousel-wrapper swiper-container\" dir=\"ltr\">\n\t\t\t<div class=\"elementor-image-carousel swiper-wrapper\">\n\t\t\t\t<div class=\"swiper-slide\"><figure class=\"swiper-slide-inner\"><img decoding=\"async\" class=\"swiper-slide-image\" src=\"https:\/\/toulouse-thyroide.fr\/wp-content\/uploads\/2020\/11\/Cyto-M-patch\u00e9-2.jpg\" alt=\"Cyto M patch\u00e9 2\" \/><\/figure><\/div><div class=\"swiper-slide\"><figure class=\"swiper-slide-inner\"><img decoding=\"async\" class=\"swiper-slide-image\" src=\"https:\/\/toulouse-thyroide.fr\/wp-content\/uploads\/2020\/11\/Cyto-B-patch\u00e9.jpg\" alt=\"Cyto B patch\u00e9\" \/><\/figure><\/div>\t\t\t<\/div>\n\t\t\t\t\t\t\t\t\t\t\t\t<div class=\"swiper-pagination\"><\/div>\n\t\t\t\t\t\t\t\t\t\t\t\t\t<div class=\"elementor-swiper-button elementor-swiper-button-prev\">\n\t\t\t\t\t\t<i class=\"eicon-chevron-left\" aria-hidden=\"true\"><\/i>\n\t\t\t\t\t\t<span class=\"elementor-screen-only\">Pr\u00e9c\u00e9dent<\/span>\n\t\t\t\t\t<\/div>\n\t\t\t\t\t<div class=\"elementor-swiper-button elementor-swiper-button-next\">\n\t\t\t\t\t\t<i class=\"eicon-chevron-right\" aria-hidden=\"true\"><\/i>\n\t\t\t\t\t\t<span class=\"elementor-screen-only\">Suivant<\/span>\n\t\t\t\t\t<\/div>\n\t\t\t\t\t\t\t\t\t<\/div>\n\t\t\t\t<\/div>\n\t\t\t\t<\/div>\n\t\t\t\t\t\t<\/div>\n\t\t\t\t\t<\/div>\n\t\t<\/div>\n\t\t\t\t\t\t\t\t<\/div>\n\t\t\t\t\t<\/div>\n\t\t<\/section>\n\t\t\t\t<section class=\"elementor-section elementor-top-section elementor-element elementor-element-3691842 elementor-section-boxed elementor-section-height-default elementor-section-height-default\" data-id=\"3691842\" data-element_type=\"section\">\n\t\t\t\t\t\t<div class=\"elementor-container elementor-column-gap-default\">\n\t\t\t\t\t\t\t<div class=\"elementor-row\">\n\t\t\t\t\t<div class=\"elementor-column elementor-col-100 elementor-top-column elementor-element elementor-element-3709789\" data-id=\"3709789\" data-element_type=\"column\">\n\t\t\t<div class=\"elementor-column-wrap elementor-element-populated\">\n\t\t\t\t\t\t\t<div class=\"elementor-widget-wrap\">\n\t\t\t\t\t\t<div class=\"elementor-element elementor-element-3d12967 elementor-widget elementor-widget-text-editor\" data-id=\"3d12967\" data-element_type=\"widget\" data-widget_type=\"text-editor.default\">\n\t\t\t\t<div class=\"elementor-widget-container\">\n\t\t\t\t\t<div class=\"elementor-text-editor elementor-clearfix\"><p>L\u2019analyse de l\u2019expression de certains <b>bio-marqueurs (HBME1, TPO)<\/b> permettent d\u2019am\u00e9liorer la performance diagnostique de la cytologie dans les \u00ab\u00a0cat\u00e9gories ind\u00e9termin\u00e9es\u00a0\u00bb.\u00a0<span style=\"font-family: Calibri, sans-serif; text-align: justify;\">L\u2019objectif global reste la s\u00e9lection des nodules \u00e0 op\u00e9rer et \u00e0 l\u2019inverse limiter le nombre de chirurgie \u00ab\u00a0inutiles\u00a0\u00bb<\/span><\/p><p style=\"text-align: justify; text-justify: inter-ideograph; line-height: 150%;\">\u00a0<\/p><\/div>\n\t\t\t\t<\/div>\n\t\t\t\t<\/div>\n\t\t\t\t\t\t<\/div>\n\t\t\t\t\t<\/div>\n\t\t<\/div>\n\t\t\t\t\t\t\t\t<\/div>\n\t\t\t\t\t<\/div>\n\t\t<\/section>\n\t\t\t\t<section class=\"elementor-section elementor-top-section elementor-element elementor-element-67d62e3 elementor-section-boxed elementor-section-height-default elementor-section-height-default\" data-id=\"67d62e3\" data-element_type=\"section\">\n\t\t\t\t\t\t<div class=\"elementor-container elementor-column-gap-default\">\n\t\t\t\t\t\t\t<div class=\"elementor-row\">\n\t\t\t\t\t<div class=\"elementor-column elementor-col-100 elementor-top-column elementor-element elementor-element-2f52cc1\" data-id=\"2f52cc1\" data-element_type=\"column\">\n\t\t\t<div class=\"elementor-column-wrap elementor-element-populated\">\n\t\t\t\t\t\t\t<div class=\"elementor-widget-wrap\">\n\t\t\t\t\t\t<div class=\"elementor-element elementor-element-9d98f3a elementor-widget elementor-widget-text-editor\" data-id=\"9d98f3a\" data-element_type=\"widget\" data-widget_type=\"text-editor.default\">\n\t\t\t\t<div class=\"elementor-widget-container\">\n\t\t\t\t\t<div class=\"elementor-text-editor elementor-clearfix\"><p>L\u2019\u00e9tude des m\u00e9canismes de canc\u00e9rog\u00e9n\u00e8se des cancers thyro\u00efdiens de souche folliculaire, (les plus fr\u00e9quents), a permis de cibler des <b>marqueurs mol\u00e9culaires<\/b> permettant de confirmer ou d\u2019exclure la probabilit\u00e9 d\u2019un cancer. Ces marqueurs (en particulier les mutations des g\u00e8nes <em>BRAF, RAS, RET<\/em> et les r\u00e9arrangements de <em>RET\/PTC<\/em>, de <em>PAX8\/PPAR<\/em> et de <em>NTRK<\/em>) sont utiles pour le diagnostic, mais \u00e9galement pour la prise en charge th\u00e9rapeutique et le suivi des patients. Les tests commercialis\u00e9s restent encore co\u00fbteux pour notre syst\u00e8me de sant\u00e9 mais la d\u00e9tection de ces marqueurs par les techniques de NGS utilis\u00e9es pour d\u2019autres cancers permet de rechercher ces anomalies, lorsque celles-ci sont jug\u00e9es n\u00e9cessaires apr\u00e8s discussion pluri-disciplinaire.<\/p><\/div>\n\t\t\t\t<\/div>\n\t\t\t\t<\/div>\n\t\t\t\t\t\t<\/div>\n\t\t\t\t\t<\/div>\n\t\t<\/div>\n\t\t\t\t\t\t\t\t<\/div>\n\t\t\t\t\t<\/div>\n\t\t<\/section>\n\t\t\t\t<section class=\"elementor-section elementor-top-section elementor-element elementor-element-868d661 elementor-section-boxed elementor-section-height-default elementor-section-height-default\" data-id=\"868d661\" data-element_type=\"section\">\n\t\t\t\t\t\t<div class=\"elementor-container elementor-column-gap-default\">\n\t\t\t\t\t\t\t<div class=\"elementor-row\">\n\t\t\t\t\t<div class=\"elementor-column elementor-col-100 elementor-top-column elementor-element elementor-element-2d7b68f\" data-id=\"2d7b68f\" data-element_type=\"column\">\n\t\t\t<div class=\"elementor-column-wrap elementor-element-populated\">\n\t\t\t\t\t\t\t<div class=\"elementor-widget-wrap\">\n\t\t\t\t\t\t<div class=\"elementor-element elementor-element-b8b72e2 elementor-widget elementor-widget-image\" data-id=\"b8b72e2\" data-element_type=\"widget\" data-widget_type=\"image.default\">\n\t\t\t\t<div class=\"elementor-widget-container\">\n\t\t\t\t\t<div class=\"elementor-image\">\n\t\t\t\t\t\t\t\t\t\t<img loading=\"lazy\" width=\"750\" height=\"564\" src=\"https:\/\/toulouse-thyroide.fr\/wp-content\/uploads\/2020\/11\/Bio-Mol.jpg\" class=\"attachment-large size-large\" alt=\"\" decoding=\"async\" srcset=\"https:\/\/toulouse-thyroide.fr\/wp-content\/uploads\/2020\/11\/Bio-Mol.jpg 930w, https:\/\/toulouse-thyroide.fr\/wp-content\/uploads\/2020\/11\/Bio-Mol-300x225.jpg 300w, https:\/\/toulouse-thyroide.fr\/wp-content\/uploads\/2020\/11\/Bio-Mol-768x577.jpg 768w\" sizes=\"(max-width: 750px) 100vw, 750px\" \/>\t\t\t\t\t\t\t\t\t\t\t<\/div>\n\t\t\t\t<\/div>\n\t\t\t\t<\/div>\n\t\t\t\t\t\t<\/div>\n\t\t\t\t\t<\/div>\n\t\t<\/div>\n\t\t\t\t\t\t\t\t<\/div>\n\t\t\t\t\t<\/div>\n\t\t<\/section>\n\t\t\t\t\t\t<\/div>\n\t\t\t\t\t\t<\/div>\n\t\t\t\t\t<\/div>\n\t\t","protected":false},"excerpt":{"rendered":"<p>La cytoponction thyro\u00efdienne \u00e9cho-guid\u00e9e demeure \u00e0 l\u2019heure actuelle la meilleure m\u00e9thode de d\u00e9pistage du cancer de la thyro\u00efde avec une grande sensibilit\u00e9. Ces dix derni\u00e8res ann\u00e9es, les progr\u00e8s techniques et l\u2019utilisation d\u2019une terminologie consensuelle ont permis de conserver et d\u2019optimiser ses performances diagnostiques. L\u2019utilisation de la technique de cytologie en milieu liquide permet une analyse&hellip;&nbsp;<a href=\"https:\/\/toulouse-thyroide.fr\/?page_id=726\" class=\"\" rel=\"bookmark\">Lire la suite &raquo;<span class=\"screen-reader-text\">Cytologie Dr Collin<\/span><\/a><\/p>\n","protected":false},"author":4,"featured_media":0,"parent":0,"menu_order":0,"comment_status":"closed","ping_status":"closed","template":"page-templates\/template-pagebuilder-full-width.php","meta":{"footnotes":""},"_links":{"self":[{"href":"https:\/\/toulouse-thyroide.fr\/index.php?rest_route=\/wp\/v2\/pages\/726"}],"collection":[{"href":"https:\/\/toulouse-thyroide.fr\/index.php?rest_route=\/wp\/v2\/pages"}],"about":[{"href":"https:\/\/toulouse-thyroide.fr\/index.php?rest_route=\/wp\/v2\/types\/page"}],"author":[{"embeddable":true,"href":"https:\/\/toulouse-thyroide.fr\/index.php?rest_route=\/wp\/v2\/users\/4"}],"replies":[{"embeddable":true,"href":"https:\/\/toulouse-thyroide.fr\/index.php?rest_route=%2Fwp%2Fv2%2Fcomments&post=726"}],"version-history":[{"count":8,"href":"https:\/\/toulouse-thyroide.fr\/index.php?rest_route=\/wp\/v2\/pages\/726\/revisions"}],"predecessor-version":[{"id":747,"href":"https:\/\/toulouse-thyroide.fr\/index.php?rest_route=\/wp\/v2\/pages\/726\/revisions\/747"}],"wp:attachment":[{"href":"https:\/\/toulouse-thyroide.fr\/index.php?rest_route=%2Fwp%2Fv2%2Fmedia&parent=726"}],"curies":[{"name":"wp","href":"https:\/\/api.w.org\/{rel}","templated":true}]}}